 



{"id":4283,"date":"2017-03-27T12:37:21","date_gmt":"2017-03-27T11:37:21","guid":{"rendered":"http:\/\/lewin.ch.pw.edu.pl\/?page_id=4283"},"modified":"2026-03-18T11:23:57","modified_gmt":"2026-03-18T10:23:57","slug":"team-project-ichf-2017","status":"publish","type":"page","link":"https:\/\/lewin.ch.pw.edu.pl\/?page_id=4283","title":{"rendered":"TEAM 2\/2016 Project"},"content":{"rendered":"<p><img decoding=\"async\" class=\"aligncenter  wp-image-231\" src=\"wp-content\/uploads\/2017\/04\/FNP-UE-EN_cmyk-1.jpg\" alt=\"Team\" width=\"700\"><\/p>\n<h3 style=\"text-align: center;\">TEAM Project No. POIR.04.04.00-00-20C6\/16-00 (TEAM\/2016-2\/14)<\/h3>\n<h2 style=\"text-align: center;\">Functional Hybrid Materials and Interfaces 'FUNMAT-FACE'<\/h2>\n<p style=\"text-align: center;\"><strong>Project leader:<\/strong> Prof. Janusz Lewi\u0144ski<\/p>\n<p style=\"text-align: center;\"><strong>Project duration:<\/strong> April 2017 \u2013 December 2020<\/p>\n<p style=\"text-align: center;\"><strong>Project value:<\/strong> PLN 2 950 000<\/p>\n<p style=\"text-align: center;\">The project is realized within the TEAM programme of Foundation for Polish Science, cofinanced by the European Union under the European Regional Development Fund.<\/p>\n<p><img decoding=\"async\" class=\"aligncenter wp-image-231\" src=\"wp-content\/uploads\/2017\/03\/FNP-Team.png\" alt=\"Team\" width=\"330\"><\/p>\n<hr noshade=\"noshade\" width=\"70%\/\">\n<h4 id=\"comments-title\" style=\"text-align: center;\"><b><a href=\"#description\">PROJECT DESCRIPTION<\/a>&nbsp;&nbsp;&nbsp;<a href=\"#members\">EXECUTORS<\/a>&nbsp;&nbsp;&nbsp;<a href=\"#partners\">PARTNERS<\/a>&nbsp;&nbsp;&nbsp;<a href=\"#papers\">PAPERS<\/a>&nbsp;&nbsp;&nbsp;<a href=\"#recruitment\">RECRUITMENT<\/a><\/b><\/h4>\n<hr noshade=\"noshade\" width=\"70%\/\">\n<p><a name=\"description\"><\/a><\/p>\n<h2 style=\"text-align: left;\">Project description<\/h2>\n<p>The project aims to develop novel synthetic approaches leading from well-defined molecular components to various nano-scaled inorganic-organic materials with specific functions, which are now required to support the unprecedented technological advances that have occurred throughout the 21st century. By bringing together the most talented young researchers we plan to carry out a two-channel research program that will focus on the most important classes of inorganic-organic hybrid materials nowadays: (i) nanoparticulate semiconductors, represented herein by ZnO nanocrystals and (ii) 3D porous metal-organic frameworks (MOFs). The interdisciplinary research approach of this project will be supported by the reputable experts across the Europe in the areas of design and synthesis of dynamic self-assemblies, comprehensive structural characterization of interfaces, advanced time-resolved spectroscopic techniques and heterogeneous catalysis, and theoretical modelling of interfacial processes.<\/p>\n<p>Research tasks:<\/p>\n<ol>\n<li>Development of efficient synthetic methods and controlled functionalization of vast arrays of high-quality colloidal ZnO NCs<\/li>\n<li>Developing surface coordination chemistry of ZnO NCs and understanding the fundamental mechanisms that govern their physicochemical properties<\/li>\n<li>Rational-by-design strategy of novel ZnO NCs: towards catalysis and bioapplication<\/li>\n<li>Synthesis of novel molecular homo- and hetrometllic building blocks as MOFs\u2019 precursors<\/li>\n<li>Preparation of novel metallosupramolecular architectures with desired functionalities or programmable features by mechanochemical \u201cSMART\u201d strategy as s well as solution-based method<\/li>\n<li>MOFs functionalized with ZnO Nanocrystals<\/li>\n<\/ol>\n<p><a name=\"executors\"><\/a><\/p>\n<h2>Executors<\/h2>\n<p><strong>Micha\u0142 Leszczy\u0144ski<\/strong>, PostDoc<\/p>\n<p><strong>Krzysztof Budny-Godlewski<\/strong>, PhD Student<br \/>\n<strong>Katarzyna So\u0142tys-Brzostek<\/strong>, PhD Student<br \/>\n<strong>Wojciech Marynowski<\/strong>, PhD Student<br \/>\n<strong>Anna Wojew\u00f3dzka<\/strong>, PhD Student<br \/>\n<strong>Maria J\u0119drzejewska<\/strong>, PhD Student<br \/>\n<strong>Aleksandra Borkenhagen<\/strong>, PhD Student<br \/>\n<strong>Jan Nawrocki<\/strong>, PhD Student<br \/>\n<strong>Micha\u0142 Terlecki<\/strong>, PhD Student<\/p>\n<p><strong>Julia Wielg\u00f3rska<\/strong>, Student<br \/>\n<strong>Vadzim Sheiko<\/strong>, Student<br \/>\n<strong>Dominik D\u0119bowski<\/strong>, Student<br \/>\n<strong>Aleksandra Borkenhagen<\/strong>, Student<br \/>\n<strong>Urszula Mo\u015bcibrodzka<\/strong>, Student<br \/>\n<strong>Anna Wojciechowska<\/strong>, Student<br \/>\n<strong>Maximilian Rajski<\/strong>, Student<br \/>\n<strong>Joanna Kruszy\u0144ska<\/strong>, Student<\/p>\n<p><span style=\"color: inherit; font-size: 1.95em; font-weight: 600;\">International Partners<\/span><a name=\"partners\"><\/a><\/p>\n<ol>\n<li>Dr. David Fairen-Jimenez, <i>Department of Chemical Engineering &amp; Biotechnology, University of Cambridge<\/i><\/li>\n<li>Dr. Ga\u00ebl De Pa\u00ebpe, <i>Institut Nanosciences et Cryog\u00e9nie, CEA \u2013 Grenoble Alpes University<\/i><\/li>\n<li>Dr. Jacinto S\u00e1, <i>Department of Chemistry\u2013\u00c5ngstr\u00f6m Laboratory, Uppsala University<\/i><\/li>\n<li>Prof. Oren A. Scherman, <i>Department of Chemistry, University of Cambridge<\/i><\/li>\n<\/ol>\n<p><a name=\"papers\"><\/a><\/p>\n<h2>Papers<\/h2>\n<ol>\n<li>M. Wolska-Pietkiewicz, M. J\u0119drzejewska, K. Tokarska, J. Wielg\u00f3rska, M. Chudy, J. Grzonka, J. Lewi\u0144ski<br \/>\n<strong>Towards Bio-Safe and Easily Redispersible Bare ZnO Quantum Dots Engineered via Organometallic Wet-Chemical Processing<\/strong><br \/>\n<i>Chemical Engineering Journal<\/i>, <b>2023<\/b>, 455, 140497. \u00a0 <a href=\"https:\/\/doi.org\/10.1016\/j.cej.2022.140497\" target=\"_blank\" rel=\"noopener\">WWW<\/a> \u00a0 <a href=\"https:\/\/papers.ssrn.com\/sol3\/papers.cfm?abstract_id=4138994\" target=\"_blank\" rel=\"noopener\">Preprint<\/a><\/li>\n<li>M. Terlecki, I. Justyniak, M.K. Leszczy\u0144ski, P. Bernatowicz, J. Lewi\u0144ski<br \/>\n<strong>Factors controlling the structure of alkylzinc amidinates: On the role of N-substituents<\/strong><br \/>\n<i>Dalton Transactions<\/i>, <b>2023<\/b>, 52, 2712-2721. \u00a0 <a href=\"https:\/\/doi.org\/10.1039\/D2DT03722J\" target=\"_blank\" rel=\"noopener\">WWW<\/a><\/li>\n<li>A. Kornowicz, M. Terlecki, I. Justyniak, D. Prochowicz, J. van Leusen, P. K\u00f6gerler, J. Lewi\u0144ski<br \/>\n<strong style=\"font-size: inherit;\">Cyclodextrin-templated Co(II) grids: Symmetry control over supramolecular topology and magnetic properties<\/strong><br \/>\n<em>Inorganic Chemistry, <\/em><strong>2022<\/strong>, 61, 2499\u20132508.   &nbsp; <a href=\"https:\/\/pubs.acs.org\/doi\/10.1021\/acs.inorgchem.1c03344\" target=\"_blank\" rel=\"noopener\">WWW<\/a><\/li>\n<li>K. Budny-Godlewski, M.K. Leszczy\u0144ski, A. Tulewicz, I. Justyniak, D. Pinkowicz, B. Sieklucka, K. Krucza\u0142a, Z. Sojka, J. Lewinski<br \/>\n<strong style=\"font-size: inherit;\">A Case Study on the Desired Selectivity in the Solid-state Mechano- and Slow-chemistry, Melt, and Solution Methodologies<\/strong><br \/>\n<em>ChemSusChem, <\/em><strong>2021<\/strong>, 18, 3887-3894. &nbsp; <a href=\"https:\/\/chemistry-europe.onlinelibrary.wiley.com\/doi\/10.1002\/cssc.202101269\" target=\"_blank\" rel=\"noopener\">WWW<\/a><\/li>\n<li>M. Terlecki, S. Sobczak, M. Leszczy\u0144ski, A. Katrusiak, J. Lewinski<br \/>\n<strong style=\"font-size: inherit;\">Stepwise stress-induced transformations of metal-organic polyhedral cluster-based assemblies: Where conformational and supramolecular features meet<\/strong><br \/>\n<em>Chemistry \u2013 A European Journal, <\/em><strong>2021<\/strong>, 55, 13757-13764. &nbsp; <a href=\"https:\/\/doi.org\/10.1002\/chem.202101732\" target=\"_blank\" rel=\"noopener\">WWW<\/a> &nbsp; <a href=\"https:\/\/chemistry-europe.onlinelibrary.wiley.com\/doi\/10.1002\/chem.202103369\" target=\"_blank\" rel=\"noopener\">Cover!<\/a><\/li>\n<li>M. Terlecki, S. Badoni, M. Leszczy\u0144ski, S. Gierlotka, I. Justyniak, H. Okuno, M. Wolska-Pietkiewicz, D. Lee, G. De Pa\u00ebpe, J. Lewinski<br \/>\n<strong style=\"font-size: inherit;\">ZnO nanoplatelets with controlled thickness: atomic insight into facet-specific bimodal ligand binding using DNP NMR<\/strong><br \/>\n<em>Advanced Functional Materials, <\/em><strong>2021<\/strong>, 49, 2105318. &nbsp; <a href=\"https:\/\/doi.org\/10.1002\/adfm.202105318\" target=\"_blank\" rel=\"noopener\">WWW<\/a> &nbsp; <a href=\"https:\/\/www.researchgate.net\/publication\/353842436_ZnO_Nanoplatelets_with_Controlled_Thickness_Atomic_Insight_into_Facet-Specific_Bimodal_Ligand_Binding_Using_DNP_NMR\" target=\"_blank\" rel=\"noopener\">ResearchGate<\/a> &nbsp; <a href=\"https:\/\/onlinelibrary.wiley.com\/doi\/10.1002\/adfm.202170364\" target=\"_blank\" rel=\"noopener\">Frontispiece!<\/a><\/li>\n<li>S. Komorski, M. K. Leszczy\u0144ski, I. Justyniak, J. Lewi\u0144ski<br \/>\n<strong style=\"font-size: inherit;\"><span class=\"hlFld-Title\">Structural diversity of ethylzinc derivatives of 3,5-substituted pyrazoles<\/span><\/strong><br \/>\n<em>Dalton Transactions, <\/em><strong>2020<\/strong>, 49, 17388-17394. <a href=\"https:\/\/pubs.rsc.org\/en\/Content\/ArticleLanding\/2020\/DT\/D0DT03026K#!divAbstract\" target=\"_blank\" rel=\"noopener noreferrer\">WWW<\/a><\/li>\n<li>M.K. Leszczy\u0144ski, I. Justyniak, K. Gontarczyk, J. Lewi\u0144ski<br \/>\n<strong>Solvent Templating and Structural Dynamics of Fluorinated 2D Cu-Carboxylate MOFs Derived from the Diffusion-Controlled Process<br \/>\n<\/strong><em>Inorganic Chemistry<\/em>, <strong>2020<\/strong>, 59, 4389-4396.&nbsp; &nbsp;<a href=\"https:\/\/pubs.acs.org\/doi\/10.1021\/acs.inorgchem.9b03472\" target=\"_blank\" rel=\"noopener noreferrer\">WWW<\/a><\/li>\n<li>J. Nawrocki, D. Prochowicz, A. Wi\u015bniewski, I. Justyniak, P. Go\u015b, J. Lewi\u0144ski<br \/>\n<strong>Development of SBU\u2010based mechanochemical approach for drug\u2010loaded MOFs<br \/>\n<\/strong><em>European Journal of Inorganic Chemistry<\/em>, <strong>2020<\/strong>, 2020, 796-800.&nbsp; &nbsp;<a href=\"https:\/\/onlinelibrary.wiley.com\/doi\/abs\/10.1002\/ejic.201901194\" target=\"_blank\" rel=\"noopener noreferrer\">WWW<\/a>&nbsp; <a href=\"https:\/\/onlinelibrary.wiley.com\/doi\/10.1002\/ejic.202000188\" target=\"_blank\" rel=\"noopener noreferrer\">Cover!<\/a><\/li>\n<li class=\"c-author-list__item\">M. Wolska-Pietkiewicz, K. Tokarska, A. Wojew\u00f3dzka, K. W\u00f3jcik, E. Chwojnowska, J. Grzonka, P. J. Cywi\u0144ski, M. Chudy, J. Lewi\u0144ski<br \/>\n<strong>ZnO nanocrystals derived from organometallic approach: Delineating the role of organic ligand shell on physicochemical properties and nano-specific toxicity<\/strong><br \/>\n<i data-test=\"journal-title\">Scientific Reports<\/i>, <strong>2019, <\/strong>9, 18071.&nbsp; &nbsp;<a href=\"https:\/\/www.nature.com\/articles\/s41598-019-54509-z\" target=\"_blank\" rel=\"noopener noreferrer\">WWW<\/a><\/li>\n<li>D. Prochowicz, M. Saski, P. Yadav, M. Gr\u00e4tzel, J. Lewi\u0144ski<br \/>\n<strong style=\"font-size: inherit;\"><span class=\"hlFld-Title\"><a href=\"http:\/\/lewin.ch.pw.edu.pl\/?p=5182\">Mechanoperovskites for Photovoltaic Applications: Preparation, Characterization, and Device Fabrication<\/a><br \/>\n<\/span><\/strong><em>Accounts of Chemical Research, <\/em><strong>2019<\/strong>, 52, 3233-3243.&nbsp; &nbsp;<a href=\"https:\/\/pubs.acs.org\/doi\/abs\/10.1021\/acs.accounts.9b00454\" target=\"_blank\" rel=\"noopener noreferrer\">WWW<\/a><\/li>\n<li>D. Lee, M. Wolska\u2010Pietkiewicz, S. Badoni, A. Grala, J. Lewi\u0144ski, G. De Pa\u00ebpe<br \/>\n<b><strong>Disclosing Interfaces of ZnO Nanocrystals Using Dynamic Nuclear Polarization: Sol\u2010Gel versus Organometallic Approach<\/strong><\/b><br \/>\n<i>Angewandte Chemie International Edition<\/i>, <b>2019<\/b>, 58, 17163-17168. <a href=\"https:\/\/onlinelibrary.wiley.com\/doi\/abs\/10.1002\/anie.201906726\" target=\"_blank\" rel=\"noopener noreferrer\">WWW&nbsp;<\/a><\/li>\n<li>J. Nawrocki, D. Prochowicz, I. Justyniak, J. van Leusen, A. Kornowicz, P. K\u00f6gerlerb, J. Lewi\u0144ski<br \/>\n<b><strong>Synthesis, structure and magnetic properties of a novel high-nuclearity oxo-carboxylate [Zn<sub>x<\/sub>Co<sub>13-x<\/sub>(\u03bc<sub>4<\/sub>-O)<sub>4<\/sub>(O<sub>2<\/sub>CPh)<sub>18<\/sub>] cluster<\/strong><\/b><br \/>\n<i>Dalton Transactions<\/i>, <b>2019<\/b>, 48, 12828-12831. &nbsp;&nbsp;<a href=\"https:\/\/pubs.rsc.org\/en\/content\/articlelanding\/2019\/dt\/c9dt02791b#!divAbstract\" target=\"_blank\" rel=\"noopener noreferrer\">WWW<\/a><\/li>\n<li>K. Budny, I. Justyniak, M.K. Leszczy\u0144ski, J. Lewi\u0144ski<br \/>\n<b><strong><a href=\"?p=5015\">Mechanochemical and slow-chemistry radical transformations: A case of diorganozinc compounds and TEMPO<\/a><\/strong><\/b><br \/>\n<i>Chemical Science<\/i>, <b>2019<\/b>, 10, 7149-7155. &nbsp;&nbsp;<a href=\"https:\/\/pubs.rsc.org\/en\/Content\/ArticleLanding\/2019\/SC\/C9SC01396B#!divAbstract\" target=\"_blank\" rel=\"noopener noreferrer\">WWW<\/a>&nbsp;&nbsp;<a href=\"https:\/\/pubs.rsc.org\/en\/content\/articlelanding\/2019\/sc\/c9sc90166c#!divAbstract\" target=\"_blank\" rel=\"noopener noreferrer\">Cover!<\/a><\/li>\n<li>M. Wolska-Pietkiewicz, K. Tokarska, A. Grala, A. Wojew\u00f3dzka, E. Chwojnowska, J. Grzonka, P. Cywi\u0144ski, K. Krucza\u0142a, Z. Sojka, M. Chudy, J. Lewi\u0144ski<br \/>\n<b><strong>'Safe-by-design' ligand coated-ZnO nanocrystals engineered by an organometallic approach: unique physicochemical properties and low toxicity toward lung cells<br \/>\n<\/strong><\/b><em><i>Chemistry \u2013 A European Journal<\/i><\/em>, <b>2018<\/b>, 24, 4033-4042. &nbsp;&nbsp;<a href=\"http:\/\/onlinelibrary.wiley.com\/doi\/10.1002\/chem.201704207\/full\" target=\"_blank\" rel=\"noopener noreferrer\">WWW<\/a> &nbsp;&nbsp;<a href=\"http:\/\/onlinelibrary.wiley.com\/doi\/10.1002\/chem.201706012\/full\" target=\"_blank\" rel=\"noopener noreferrer\">Cover!<\/a><\/li>\n<li>J. Szlachetko, A. Kubas, A.M. Cie\u015blak, K. Soko\u0142owski, \u0141. M\u0105kolski, J. Czapla-Masztafiak, J. S\u00e1, J. Lewi\u0144ski<br \/>\n<b><strong>Hidden gapless states during thermal transformations of preorganized zinc alkoxides to zinc oxide nanocrystals<\/strong><\/b><br \/>\n<i>Materials Horizons<\/i>, <b>2018<\/b>, 5, 905-911. &nbsp; <a href=\"https:\/\/pubs.rsc.org\/en\/content\/articlelanding\/2018\/mh\/c8mh00106e#!divAbstract\" target=\"_blank\" rel=\"noopener noreferrer\">WWW<\/a><\/li>\n<li>D. Prochowicz, J. Nawrocki, M. Terlecki, W. Marynowski, J. Lewi\u0144ski<br \/>\n<b><strong>Facile mechanosynthesis of the archetypal Zn-based metal-organic frameworks<\/strong><\/b><br \/>\n<i>Inorganic chemistry<\/i>, <b>2018<\/b>, 57, 13437-13442. &nbsp;&nbsp;<a href=\"https:\/\/pubs.acs.org\/doi\/10.1021\/acs.inorgchem.8b02026\" target=\"_blank\" rel=\"noopener noreferrer\">WWW<\/a><\/li>\n<li>M. Leszczy\u0144ski, A. Kornowicz, D. Prochowicz, I. Justyniak, K. Noworyta, J. Lewi\u0144ski<br \/>\n<b><strong>Straightforward Synthesis of Single-Crystalline and Redox-Active Cr(II)-carboxylate MOFs<\/strong><\/b><br \/>\n<i>Inorganic Chemistry<\/i>, <b>2018<\/b>, 57, 4803\u20134806. &nbsp;&nbsp;<a href=\"https:\/\/pubs.acs.org\/doi\/full\/10.1021\/acs.inorgchem.8b00395\" target=\"_blank\" rel=\"noopener noreferrer\">WWW<\/a><\/li>\n<li>A. Grala, M. Wolska-Pietkiewicz, Z. Wr\u00f3bel, T. Ratajczyk, J. Kuncewicz, J. Lewi\u0144ski<br \/>\n<b><strong>Remarkable Water-Soluble ZnO Nanocrystals: From \u2018Click\u2019 Functionalization to Supramolecular Aggregation Enhanced Emission Phenomenon<\/strong><\/b><br \/>\n<i>Materials Chemistry Frontiers<\/i>, <b>2018<\/b>, 2018, 2, 1104-1111. &nbsp; <a href=\"http:\/\/pubs.rsc.org\/en\/Content\/ArticleLanding\/2018\/QM\/C7QM00586E#!divAbstract\" target=\"_blank\" rel=\"noopener noreferrer\">WWW<\/a><\/li>\n<li>D. Prochowicz,* A. Kornowicz,* J. Lewi\u0144ski<br \/>\n<b><strong><a href=\"?p=4653\">Interactions of native cyclodextrins with metal ions and inorganic nanoparticles: Fertile landscape for chemistry and materials science<\/a><br \/>\n<\/strong><\/b><em><i>Chemical Reviews<\/i><\/em>, 2017, 117, 13461\u201313501. &nbsp;&nbsp;<a href=\"http:\/\/pubs.acs.org\/doi\/full\/10.1021\/acs.chemrev.7b00231\" target=\"_blank\" rel=\"noopener noreferrer\">WWW<\/a><\/li>\n<li>M. Wolska-Pietkiewicz, A. Grala, I. Justyniak, D. Hryciuk, M. J\u0119drzejewska, J. Grzonka, K. Kurzyd\u0142owski, J. Lewi\u0144ski<br \/>\n<b><strong><a href=\"?p=4509\">From well-defined alkylzinc phosphinates to quantum-sized ZnO nanocrystals<\/a><br \/>\n<\/strong><\/b><em><i>Chemistry \u2013 A European Journal<\/i><\/em>, 2017, 49, 11856\u201311865. &nbsp;&nbsp;<a href=\"http:\/\/onlinelibrary.wiley.com\/doi\/10.1002\/chem.201701823\/abstract\" target=\"_blank\" rel=\"noopener noreferrer\">WWW<\/a><\/li>\n<\/ol>\n<p><a name=\"recruitment\"><\/a><\/p>\n<h2>Recruitment<\/h2>\n<p><span style=\"color: #aa0000;\"><strong>Currently, there is no open recruitment for this project.<\/strong><\/span><\/p>\n<h4>Recruitment 2019 for PhD students<\/h4>\n<p>For more information click on the following documents. The deadline for document submission was <b>18 August 2019<\/b>.<\/p>\n<table>\n<tbody>\n<tr>\n<td width=\"200px\"><a href=\"wp-content\/uploads\/2019\/07\/PhD-Student.pdf\"><img decoding=\"async\" style=\"height: 300px;\" src=\"wp-content\/uploads\/2018\/09\/Screen-Shot-2018-09-03-at-16.00.43.png\"><\/a><br \/>\n<a href=\"wp-content\/uploads\/2019\/07\/PhD-Student.pdf\">Recruitment poster<\/a><\/td>\n<td width=\"200px\"><a href=\"wp-content\/uploads\/2019\/07\/Job-offer_for-laureates_FNP_PhD-20C6-No-51_2019.pdf\"><img decoding=\"async\" style=\"height: 300px;\" src=\"wp-content\/uploads\/2017\/08\/Screen-Shot-2017-08-30-at-3.39.34-PM.png\"><\/a><br \/>\n<a href=\"wp-content\/uploads\/2019\/07\/Job-offer_for-laureates_FNP_PhD-20C6-No-51_2019.pdf\">Recruitment Details<\/a><\/td>\n<td width=\"200px\"><a href=\"wp-content\/uploads\/2019\/07\/Application-Form-for-TEAM-Project-POIR_04_04_00-00-20C6_16-PhD-student.docx\"><img decoding=\"async\" style=\"height: 300px;\" src=\"wp-content\/uploads\/2017\/08\/Screen-Shot-2017-08-30-at-3.40.24-PM.png\"><\/a><br \/>\n<a href=\"wp-content\/uploads\/2019\/07\/Application-Form-for-TEAM-Project-POIR_04_04_00-00-20C6_16-PhD-student.docx\">Application Form<\/a><\/td>\n<\/tr>\n<\/tbody>\n<\/table>\n<h4>Recruitment 2019 for bachelor\/master students<\/h4>\n<p>For more information click on the following documents. The deadline for document submission was <b>18 August 2019<\/b>.<\/p>\n<table>\n<tbody>\n<tr>\n<td width=\"200px\"><a href=\"wp-content\/uploads\/2019\/07\/Recruitment-poster.pdf\"><img decoding=\"async\" style=\"height: 300px;\" src=\"wp-content\/uploads\/2018\/09\/Screen-Shot-2018-09-03-at-16.00.43.png\"><\/a><br \/>\n<a href=\"wp-content\/uploads\/2019\/07\/Recruitment-poster.pdf\">Recruitment poster<\/a><\/td>\n<td width=\"200px\"><a href=\"wp-content\/uploads\/2019\/07\/Procedure-of-the-recruitment.pdf\"><img decoding=\"async\" style=\"height: 300px;\" src=\"wp-content\/uploads\/2017\/08\/Screen-Shot-2017-08-30-at-3.39.34-PM.png\"><\/a><br \/>\n<a href=\"wp-content\/uploads\/2019\/07\/Procedure-of-the-recruitment.pdf\">Recruitment Details<\/a><\/td>\n<td width=\"200px\"><a href=\"wp-content\/uploads\/2019\/07\/Application-Form-for-TEAM-Project.docx\"><img decoding=\"async\" style=\"height: 300px;\" src=\"wp-content\/uploads\/2017\/08\/Screen-Shot-2017-08-30-at-3.40.24-PM.png\"><\/a><br \/>\n<a href=\"wp-content\/uploads\/2019\/07\/Application-Form-for-TEAM-Project.docx\">Application Form<\/a><\/td>\n<\/tr>\n<\/tbody>\n<\/table>\n<p><img decoding=\"async\" class=\"aligncenter wp-image-231\" src=\"wp-content\/uploads\/2017\/03\/FNPlogoKOLORpl.png\" alt=\"Team\" width=\"600\"><\/p>\n","protected":false},"excerpt":{"rendered":"<p>TEAM Project No. POIR.04.04.00-00-20C6\/16-00 (TEAM\/2016-2\/14) Functional Hybrid Materials and Interfaces &#8216;FUNMAT-FACE&#8217; Project leader: Prof. Janusz Lewi\u0144ski Project duration: April 2017 \u2013 December 2020 Project value: PLN 2 950 000 The project is realized within the TEAM programme of Foundation for Polish Science, cofinanced by the European Union under the European Regional Development Fund. PROJECT DESCRIPTION&nbsp;&nbsp;&nbsp;EXECUTORS&nbsp;&nbsp;&nbsp;PARTNERS&nbsp;&nbsp;&nbsp;PAPERS&nbsp;&nbsp;&nbsp;RECRUITMENT [&hellip;]<\/p>\n","protected":false},"author":2,"featured_media":4328,"parent":34,"menu_order":60,"comment_status":"closed","ping_status":"closed","template":"","meta":{"inline_featured_image":false,"footnotes":""},"class_list":["post-4283","page","type-page","status-publish","has-post-thumbnail","hentry"],"_links":{"self":[{"href":"https:\/\/lewin.ch.pw.edu.pl\/index.php?rest_route=\/wp\/v2\/pages\/4283","targetHints":{"allow":["GET"]}}],"collection":[{"href":"https:\/\/lewin.ch.pw.edu.pl\/index.php?rest_route=\/wp\/v2\/pages"}],"about":[{"href":"https:\/\/lewin.ch.pw.edu.pl\/index.php?rest_route=\/wp\/v2\/types\/page"}],"author":[{"embeddable":true,"href":"https:\/\/lewin.ch.pw.edu.pl\/index.php?rest_route=\/wp\/v2\/users\/2"}],"replies":[{"embeddable":true,"href":"https:\/\/lewin.ch.pw.edu.pl\/index.php?rest_route=%2Fwp%2Fv2%2Fcomments&post=4283"}],"version-history":[{"count":110,"href":"https:\/\/lewin.ch.pw.edu.pl\/index.php?rest_route=\/wp\/v2\/pages\/4283\/revisions"}],"predecessor-version":[{"id":7104,"href":"https:\/\/lewin.ch.pw.edu.pl\/index.php?rest_route=\/wp\/v2\/pages\/4283\/revisions\/7104"}],"up":[{"embeddable":true,"href":"https:\/\/lewin.ch.pw.edu.pl\/index.php?rest_route=\/wp\/v2\/pages\/34"}],"wp:featuredmedia":[{"embeddable":true,"href":"https:\/\/lewin.ch.pw.edu.pl\/index.php?rest_route=\/wp\/v2\/media\/4328"}],"wp:attachment":[{"href":"https:\/\/lewin.ch.pw.edu.pl\/index.php?rest_route=%2Fwp%2Fv2%2Fmedia&parent=4283"}],"curies":[{"name":"wp","href":"https:\/\/api.w.org\/{rel}","templated":true}]}}