 



{"id":106,"date":"2012-12-27T23:09:24","date_gmt":"2012-12-27T22:09:24","guid":{"rendered":"http:\/\/arekk.sytes.net\/wordpress1\/?page_id=106"},"modified":"2025-08-29T14:06:48","modified_gmt":"2025-08-29T13:06:48","slug":"warsaw-university-of-technology-group-members","status":"publish","type":"page","link":"https:\/\/lewin.ch.pw.edu.pl\/?page_id=106","title":{"rendered":"Warsaw University of Technology <br \/>Group Members"},"content":{"rendered":"<table>\n<tbody>\n<tr>\n<td style=\"width: 230px;\"><a href=\"?page_id=317\"><img decoding=\"async\" style=\"width: 200px;\" src=\"wp-content\/uploads\/2013\/01\/DSC_4110-808x1024.jpg\"><\/a><\/td>\n<td style=\"vertical-align:middle;\"><a href=\"?page_id=317\">Karolina Zelga<\/a>, PhD Eng.<br \/>\nAssistant Professor<br \/>\n+48 22 234 7315<br \/>\nkarolina.zelga@pw.edu.pl<\/td>\n<\/tr>\n<tr>\n<td style=\"width: 230px;\"><a href=\"?page_id=367\"><img decoding=\"async\" class=\"alignnone size-medium wp-image-5437\" src=\"http:\/\/lewin.ch.pw.edu.pl\/wp-content\/uploads\/2020\/05\/20190909_182110-217x300.jpg\" alt=\"\" width=\"200\" srcset=\"https:\/\/lewin.ch.pw.edu.pl\/wp-content\/uploads\/2020\/05\/20190909_182110-217x300.jpg 217w, https:\/\/lewin.ch.pw.edu.pl\/wp-content\/uploads\/2020\/05\/20190909_182110-739x1024.jpg 739w, https:\/\/lewin.ch.pw.edu.pl\/wp-content\/uploads\/2020\/05\/20190909_182110-768x1064.jpg 768w, https:\/\/lewin.ch.pw.edu.pl\/wp-content\/uploads\/2020\/05\/20190909_182110.jpg 790w\" sizes=\"(max-width: 217px) 100vw, 217px\" \/><\/a><\/td>\n<td style=\"vertical-align: middle;\"><a href=\"?page_id=367\">Ma\u0142gorzata Wolska-Pietkiewicz<\/a>, PhD Eng.<br \/>\nAssistant Professor<br \/>\n+48 22 234 7315<br \/>\nmalgorzata.pietkiewicz@pw.edu.pl<\/td>\n<\/tr>\n<tr>\n<td style=\"width: 230px;\"><a href=\"?page_id=340\"><img decoding=\"async\" style=\"width: 200px;\" src=\"wp-content\/uploads\/2013\/01\/IMG_2667.jpg\"><\/a><\/td>\n<td style=\"vertical-align: middle;\"><a href=\"?page_id=340\">Micha\u0142 Leszczy\u0144ski<\/a>, PhD Eng.<br \/>\nAssistant Professor<br \/>\n+48 22 234 7315<br \/>\nmichal.leszczynski@pw.edu.pl<\/td>\n<\/tr>\n<tr>\n<td style=\"width: 230px;\"><a href=\"?page_id=3685\"><img decoding=\"async\" style=\"width: 200px;\" src=\"wp-content\/uploads\/2015\/09\/ponton.jpg\"><\/a><\/td>\n<td style=\"vertical-align: middle;\"><a href=\"?page_id=3685\">Micha\u0142 Terlecki<\/a>, PhD Eng.<br \/>\nAssistant Professor<br \/>\n+48 22 234 7315<br \/>\nmichal.terlecki@pw.edu.pl<\/td>\n<\/tr>\n<tr>\n<td style=\"width: 230px;\"><img decoding=\"async\" style=\"width: 200px;\" src=\"wp-content\/uploads\/2025\/08\/Zygmunt-Druzynski_2.jpg\"><\/td>\n<td style=\"vertical-align: middle;\"><a href=\"?page_id=\">Zygmunt Dru\u017cy\u0144ski<\/a>, PhD Eng.<br \/>\nResearcher<br \/>\n+48 22 234 7315<br \/>\nzygmunt.druzynski@pw.edu.pl<\/td>\n<\/tr>\n<tr>\n<td style=\"width: 230px;\"><a href=\"?page_id=\"><img loading=\"lazy\" decoding=\"async\" class=\"alignnone  wp-image-5134\" src=\"http:\/\/lewin.ch.pw.edu.pl\/wp-content\/uploads\/2019\/11\/VS_photo-225x300.jpg\" alt=\"\" width=\"199\" height=\"266\" srcset=\"https:\/\/lewin.ch.pw.edu.pl\/wp-content\/uploads\/2019\/11\/VS_photo-225x300.jpg 225w, https:\/\/lewin.ch.pw.edu.pl\/wp-content\/uploads\/2019\/11\/VS_photo-768x1025.jpg 768w, https:\/\/lewin.ch.pw.edu.pl\/wp-content\/uploads\/2019\/11\/VS_photo-767x1024.jpg 767w, https:\/\/lewin.ch.pw.edu.pl\/wp-content\/uploads\/2019\/11\/VS_photo.jpg 959w\" sizes=\"auto, (max-width: 199px) 100vw, 199px\" \/><\/a><\/td>\n<td style=\"vertical-align: middle;\"><a href=\"?page_id=\">Vadim Szejko<\/a>, MSc Eng.<br \/>\nPhD Student<br \/>\n+48 22 234 7315<br \/>\nvadim.szejko@pw.edu.pl<\/td>\n<\/tr>\n<tr>\n<td style=\"width: 230px;\"><a href=\"http:\/\/lewin.ch.pw.edu.pl\/wp-content\/uploads\/2019\/10\/k.jpg\"><img loading=\"lazy\" decoding=\"async\" class=\"alignnone size-medium wp-image-5131\" src=\"http:\/\/lewin.ch.pw.edu.pl\/wp-content\/uploads\/2019\/10\/k-200x300.jpg\" alt=\"\" width=\"200\" height=\"300\" srcset=\"https:\/\/lewin.ch.pw.edu.pl\/wp-content\/uploads\/2019\/10\/k-200x300.jpg 200w, https:\/\/lewin.ch.pw.edu.pl\/wp-content\/uploads\/2019\/10\/k.jpg 317w\" sizes=\"auto, (max-width: 200px) 100vw, 200px\" \/><\/a><\/td>\n<td style=\"vertical-align: middle;\"><a href=\"?page_id=\">Maciej Jacyna<\/a>, MSc Eng.<br \/>\nPhD Student<br \/>\n+48 22 234 7315<br \/>\nmaciej.jacyna.dokt@pw.edu.pl<\/td>\n<\/tr>\n<tr>\n<td style=\"width: 230px;\"><a href=\"?page_id=\"><img decoding=\"async\" style=\"width: 2px;\" src=\"wp-content\/uploads\/2013\/01\/DSC_4110-808x1024.jpg\"><\/a><\/td>\n<td style=\"vertical-align: middle;\"><a href=\"?page_id=\">Kornel Sacharczuk<\/a>, MSc Eng.<br \/>\nPhD Student<br \/>\n+48 22 234 7315<br \/>\nkornel.sacharczuk.dokt@pw.edu.pl<\/td>\n<\/tr>\n<tr>\n<td style=\"width: 230px;\"><a href=\"?page_id=\"><img decoding=\"async\" style=\"width: 2px;\" src=\"wp-content\/uploads\/2019\/07\/ostapowicz.jpg\"><\/a><\/td>\n<td style=\"vertical-align: middle;\"><a href=\"?page_id=\">Dominik Jab\u0142o\u0144ski<\/a>, MSc Eng.<br \/>\nPhD Student<br \/>\n+48 22 234 7315<br \/>\ndominik.jablonski.dokt@pw.edu.pl<\/td>\n<\/tr>\n<tr>\n<td style=\"width: 230px;\"><a href=\"?page_id=\"><img decoding=\"async\" style=\"width: 2px;\" src=\"wp-content\/uploads\/2019\/07\/ostapowicz.jpg\"><\/a><\/td>\n<td style=\"vertical-align: middle;\"><a href=\"?page_id=\">Maximilian Rajski<\/a>, MSc Eng.<br \/>\nPhD Student<br \/>\n+48 22 234 7315<br \/>\nmaximilian.rajski.dokt@pw.edu.pl<\/td>\n<\/tr>\n<tr>\n<td style=\"width: 230px;\"><a href=\"?page_id=\"><img decoding=\"async\" style=\"width: 2px;\" src=\"\"><\/a><\/td>\n<td style=\"vertical-align: middle;\"><a href=\"?page_id=\">Kamila \u0106wik<\/a>, MSc Eng.<br \/>\nPhD Student (Implementation Doctorate Programme)<br \/>\n+48 22 234 7315<br \/>\nkamila.cwik.dokt@pw.edu.pl<\/td>\n<\/tr>\n<tr>\n<td style=\"width: 230px;\"><a href=\"?page_id=\"><img decoding=\"async\" style=\"width: 2px;\" src=\"\"><\/a><\/td>\n<td style=\"vertical-align: middle;\"><a href=\"?page_id=\">Jakub Chmurski<\/a>, MSc Eng.<br \/>\nPhD Student<br \/>\n+48 22 234 7315<br \/>\njakub.chmurski.dokt@pw.edu.pl<\/td>\n<\/tr>\n<tr>\n<td style=\"width: 230px;\"><a href=\"?page_id=\"><img decoding=\"async\" style=\"width: 2px;\" src=\"\"><\/a><\/td>\n<td style=\"vertical-align: middle;\">\n<a href=\"?page_id=\">Anna Podobas<\/a>, BSc Eng. \u2013 Master Student<br \/>\n<a href=\"?page_id=\">Bruno Skocze\u0144<\/a>, BSc Eng. \u2013 Master Student<br \/>\n<a href=\"?page_id=\">Pawe\u0142 Grubski<\/a>, BSc Eng. \u2013 Master Student\n<\/td>\n<\/tr>\n<\/tbody>\n<\/table>\n","protected":false},"excerpt":{"rendered":"<p>Karolina Zelga, PhD Eng. Assistant Professor +48 22 234 7315 karolina.zelga@pw.edu.pl Ma\u0142gorzata Wolska-Pietkiewicz, PhD Eng. Assistant Professor +48 22 234 7315 malgorzata.pietkiewicz@pw.edu.pl Micha\u0142 Leszczy\u0144ski, PhD Eng. Assistant Professor +48 22 234 7315 michal.leszczynski@pw.edu.pl Micha\u0142 Terlecki, PhD Eng. Assistant Professor +48 22 234 7315 michal.terlecki@pw.edu.pl Zygmunt Dru\u017cy\u0144ski, PhD Eng. Researcher +48 22 234 7315 zygmunt.druzynski@pw.edu.pl Vadim [&hellip;]<\/p>\n","protected":false},"author":2,"featured_media":5688,"parent":40,"menu_order":2,"comment_status":"closed","ping_status":"closed","template":"","meta":{"inline_featured_image":false,"footnotes":""},"class_list":["post-106","page","type-page","status-publish","has-post-thumbnail","hentry"],"_links":{"self":[{"href":"https:\/\/lewin.ch.pw.edu.pl\/index.php?rest_route=\/wp\/v2\/pages\/106","targetHints":{"allow":["GET"]}}],"collection":[{"href":"https:\/\/lewin.ch.pw.edu.pl\/index.php?rest_route=\/wp\/v2\/pages"}],"about":[{"href":"https:\/\/lewin.ch.pw.edu.pl\/index.php?rest_route=\/wp\/v2\/types\/page"}],"author":[{"embeddable":true,"href":"https:\/\/lewin.ch.pw.edu.pl\/index.php?rest_route=\/wp\/v2\/users\/2"}],"replies":[{"embeddable":true,"href":"https:\/\/lewin.ch.pw.edu.pl\/index.php?rest_route=%2Fwp%2Fv2%2Fcomments&post=106"}],"version-history":[{"count":59,"href":"https:\/\/lewin.ch.pw.edu.pl\/index.php?rest_route=\/wp\/v2\/pages\/106\/revisions"}],"predecessor-version":[{"id":6998,"href":"https:\/\/lewin.ch.pw.edu.pl\/index.php?rest_route=\/wp\/v2\/pages\/106\/revisions\/6998"}],"up":[{"embeddable":true,"href":"https:\/\/lewin.ch.pw.edu.pl\/index.php?rest_route=\/wp\/v2\/pages\/40"}],"wp:featuredmedia":[{"embeddable":true,"href":"https:\/\/lewin.ch.pw.edu.pl\/index.php?rest_route=\/wp\/v2\/media\/5688"}],"wp:attachment":[{"href":"https:\/\/lewin.ch.pw.edu.pl\/index.php?rest_route=%2Fwp%2Fv2%2Fmedia&parent=106"}],"curies":[{"name":"wp","href":"https:\/\/api.w.org\/{rel}","templated":true}]}}